{"id":17,"date":"2025-04-24T18:10:41","date_gmt":"2025-04-24T18:10:41","guid":{"rendered":"https:\/\/agenciapasseios.auladoninja.com\/minha-conta\/"},"modified":"2025-08-23T14:00:01","modified_gmt":"2025-08-23T17:00:01","slug":"minha-conta","status":"publish","type":"page","link":"https:\/\/pousadarioxingu.com\/pt_br\/minha-conta\/","title":{"rendered":"Minha conta"},"content":{"rendered":"\t\t<div data-elementor-type=\"wp-page\" data-elementor-id=\"17\" class=\"elementor elementor-17\" data-elementor-post-type=\"page\">\n\t\t\t\t<div class=\"elementor-element elementor-element-50afb58 e-flex e-con-boxed e-con e-parent\" data-id=\"50afb58\" data-element_type=\"container\" data-settings=\"{&quot;background_background&quot;:&quot;classic&quot;}\">\n\t\t\t\t\t<div class=\"e-con-inner\">\n\t\t\t\t<div class=\"elementor-element elementor-element-bed5937 e-my-account-tabs-vertical elementor-widget elementor-widget-woocommerce-my-account\" data-id=\"bed5937\" data-element_type=\"widget\" data-widget_type=\"woocommerce-my-account.default\">\n\t\t\t\t<div class=\"elementor-widget-container\">\n\t\t\t\t\t<div class=\"e-my-account-tab e-my-account-tab__ \">\t\t\t<div class=\"woocommerce\"><\/div>\t\t<\/div>\n\t\t\t\t\t\t<\/div>\n\t\t\t\t<\/div>\n\t\t\t\t\t<\/div>\n\t\t\t\t<\/div>\n\t\t\t\t<\/div>\n\t\t","protected":false},"excerpt":{"rendered":"<p>Painel do cliente Dashboard Pedidos Endere\u00e7os Detalhes da Conta Bookings Sair Ol\u00e1, Dheime (n\u00e3o \u00e9 Dheime? Sair) A partir do painel de controle de sua conta, voc\u00ea pode ver suas compras recentes, gerenciar seus endere\u00e7os de entrega e cobran\u00e7a, e editar sua senha e detalhes da conta.<\/p>\n","protected":false},"author":3,"featured_media":0,"parent":0,"menu_order":0,"comment_status":"closed","ping_status":"closed","template":"elementor_header_footer","meta":{"footnotes":""},"class_list":["post-17","page","type-page","status-publish","hentry"],"_hostinger_reach_plugin_has_subscription_block":false,"_hostinger_reach_plugin_is_elementor":false,"_links":{"self":[{"href":"https:\/\/pousadarioxingu.com\/pt_br\/wp-json\/wp\/v2\/pages\/17","targetHints":{"allow":["GET"]}}],"collection":[{"href":"https:\/\/pousadarioxingu.com\/pt_br\/wp-json\/wp\/v2\/pages"}],"about":[{"href":"https:\/\/pousadarioxingu.com\/pt_br\/wp-json\/wp\/v2\/types\/page"}],"author":[{"embeddable":true,"href":"https:\/\/pousadarioxingu.com\/pt_br\/wp-json\/wp\/v2\/users\/3"}],"replies":[{"embeddable":true,"href":"https:\/\/pousadarioxingu.com\/pt_br\/wp-json\/wp\/v2\/comments?post=17"}],"version-history":[{"count":183,"href":"https:\/\/pousadarioxingu.com\/pt_br\/wp-json\/wp\/v2\/pages\/17\/revisions"}],"predecessor-version":[{"id":2496,"href":"https:\/\/pousadarioxingu.com\/pt_br\/wp-json\/wp\/v2\/pages\/17\/revisions\/2496"}],"wp:attachment":[{"href":"https:\/\/pousadarioxingu.com\/pt_br\/wp-json\/wp\/v2\/media?parent=17"}],"curies":[{"name":"wp","href":"https:\/\/api.w.org\/{rel}","templated":true}]}}