{"id":1567,"date":"2025-08-11T16:58:46","date_gmt":"2025-08-11T19:58:46","guid":{"rendered":"https:\/\/infocel.tech\/?page_id=1567"},"modified":"2025-10-09T15:19:21","modified_gmt":"2025-10-09T18:19:21","slug":"pacotes2","status":"publish","type":"page","link":"https:\/\/pousadarioxingu.com\/pt_br\/pacotes2\/","title":{"rendered":"PACOTES"},"content":{"rendered":"\t\t<div data-elementor-type=\"wp-page\" data-elementor-id=\"1567\" class=\"elementor elementor-1567\" data-elementor-post-type=\"page\">\n\t\t\t\t<div class=\"elementor-element elementor-element-40a2cac e-flex e-con-boxed e-con e-parent\" data-id=\"40a2cac\" data-element_type=\"container\">\n\t\t\t\t\t<div class=\"e-con-inner\">\n\t\t<div class=\"elementor-element elementor-element-3ddd1f0 e-con-full e-flex e-con e-child\" data-id=\"3ddd1f0\" data-element_type=\"container\">\n\t\t\t\t<div class=\"elementor-element elementor-element-d4bc5a2 elementor-widget elementor-widget-heading\" data-id=\"d4bc5a2\" data-element_type=\"widget\" data-widget_type=\"heading.default\">\n\t\t\t\t<div class=\"elementor-widget-container\">\n\t\t\t\t\t<h2 class=\"elementor-heading-title elementor-size-default\">Pacotes<\/h2>\t\t\t\t<\/div>\n\t\t\t\t<\/div>\n\t\t\t\t<\/div>\n\t\t\t\t\t<\/div>\n\t\t\t\t<\/div>\n\t\t<div class=\"elementor-element elementor-element-4e17eb2 e-flex e-con-boxed e-con e-parent\" data-id=\"4e17eb2\" data-element_type=\"container\">\n\t\t\t\t\t<div class=\"e-con-inner\">\n\t\t\t\t<div class=\"elementor-element elementor-element-6ffc5ba elementor-widget elementor-widget-text-editor\" data-id=\"6ffc5ba\" data-element_type=\"widget\" data-widget_type=\"text-editor.default\">\n\t\t\t\t<div class=\"elementor-widget-container\">\n\t\t\t\t\t\t\t\t\t<div>A Temporada de pesca na Pousada Rio Xingu vai de abril a outubro, sendo que os meses de abril, maio e junho s\u00e3o excelentes para a pesca dos grandes peixes de couro da Amaz\u00f4nia: surubim, pirarara, barbado, pira\u00edba e ja\u00fa, dentre outros. <br \/>De julho a outubro \u00e9 excelente para a pesca do tucunar\u00e9, cachorra e bicuda. Nesse per\u00edodo pega-se tamb\u00e9m peixes de couro.<\/div><div><img decoding=\"async\" class=\"emoji\" role=\"img\" draggable=\"false\" src=\"https:\/\/s.w.org\/images\/core\/emoji\/16.0.1\/svg\/1f4c6.svg\" alt=\"\ud83d\udcc6\" \/> Dura\u00e7\u00e3o do Pacote:<\/div><div>Trabalhamos com pacotes de 5 dias efetivos de pesca: iniciamos na sexta-feira com o jantar de boas-vindas e encerramos na quinta-feira seguinte com o caf\u00e9 da manh\u00e3.<\/div><div><img decoding=\"async\" class=\"emoji\" role=\"img\" draggable=\"false\" src=\"https:\/\/s.w.org\/images\/core\/emoji\/16.0.1\/svg\/2705.svg\" alt=\"\u2705\" \/> O que est\u00e1 inclu\u00eddo no pacote:<\/div><div>1. Transfer rodovi\u00e1rio (micro-\u00f4nibus com ar-condicionado ou caminhonetes) ida e volta entre o aeroporto de Altamira e a pousada.<\/div><div>2. Hospedagem completa em apartamentos avarandados.<\/div><div>3. Alimenta\u00e7\u00e3o completa (caf\u00e9 da manh\u00e3, almo\u00e7o, jantar e petiscos).<\/div><div>4. Barco de 8,40 m equipado com motor 25hp + motor el\u00e9trico.<\/div><div>5. Gasolina liberada durante os dias de pesca.<\/div><div>6. Guia de pesca nativo, conhecedor dos melhores pontos do Rio Xingu.<\/div><div>7. Cerveja, refrigerante e \u00e1gua mineral \u00e0 vontade durante todo o pacote.<\/div><div>8. Isca branca (peixes da regi\u00e3o).<\/div><div><img decoding=\"async\" class=\"emoji\" role=\"img\" draggable=\"false\" src=\"https:\/\/s.w.org\/images\/core\/emoji\/16.0.1\/svg\/274c.svg\" alt=\"\u274c\" \/> N\u00e3o inclu\u00eddo: <br \/>Bebidas destiladas, gorjetas (opcionais) e quaisquer outros custos n\u00e3o mencionados acima.<\/div><div>Aqui, cada detalhe \u00e9 pensado para que voc\u00ea tenha n\u00e3o apenas uma pescaria inesquec\u00edvel, mas tamb\u00e9m momentos de descanso, conviv\u00eancia e contato direto com as belezas \u00fanicas da Amaz\u00f4nia.<\/div>\t\t\t\t\t\t\t\t<\/div>\n\t\t\t\t<\/div>\n\t\t\t\t\t<\/div>\n\t\t\t\t<\/div>\n\t\t\t\t<\/div>\n\t\t","protected":false},"excerpt":{"rendered":"<p>Pacotes A Temporada de pesca na Pousada Rio Xingu vai de abril a outubro, sendo que os meses de abril, maio e junho s\u00e3o excelentes para a pesca dos grandes peixes de couro da Amaz\u00f4nia: surubim, pirarara, barbado, pira\u00edba e ja\u00fa, dentre outros. De julho a outubro \u00e9 excelente para a pesca do tucunar\u00e9, cachorra [&hellip;]<\/p>\n","protected":false},"author":3,"featured_media":0,"parent":0,"menu_order":0,"comment_status":"closed","ping_status":"closed","template":"elementor_header_footer","meta":{"footnotes":""},"class_list":["post-1567","page","type-page","status-publish","hentry"],"_hostinger_reach_plugin_has_subscription_block":false,"_hostinger_reach_plugin_is_elementor":false,"_links":{"self":[{"href":"https:\/\/pousadarioxingu.com\/pt_br\/wp-json\/wp\/v2\/pages\/1567","targetHints":{"allow":["GET"]}}],"collection":[{"href":"https:\/\/pousadarioxingu.com\/pt_br\/wp-json\/wp\/v2\/pages"}],"about":[{"href":"https:\/\/pousadarioxingu.com\/pt_br\/wp-json\/wp\/v2\/types\/page"}],"author":[{"embeddable":true,"href":"https:\/\/pousadarioxingu.com\/pt_br\/wp-json\/wp\/v2\/users\/3"}],"replies":[{"embeddable":true,"href":"https:\/\/pousadarioxingu.com\/pt_br\/wp-json\/wp\/v2\/comments?post=1567"}],"version-history":[{"count":41,"href":"https:\/\/pousadarioxingu.com\/pt_br\/wp-json\/wp\/v2\/pages\/1567\/revisions"}],"predecessor-version":[{"id":3146,"href":"https:\/\/pousadarioxingu.com\/pt_br\/wp-json\/wp\/v2\/pages\/1567\/revisions\/3146"}],"wp:attachment":[{"href":"https:\/\/pousadarioxingu.com\/pt_br\/wp-json\/wp\/v2\/media?parent=1567"}],"curies":[{"name":"wp","href":"https:\/\/api.w.org\/{rel}","templated":true}]}}