{"id":1562,"date":"2025-08-11T16:55:52","date_gmt":"2025-08-11T19:55:52","guid":{"rendered":"https:\/\/infocel.tech\/?page_id=1562"},"modified":"2025-09-11T21:27:10","modified_gmt":"2025-09-12T00:27:10","slug":"translado","status":"publish","type":"page","link":"https:\/\/pousadarioxingu.com\/pt_br\/translado\/","title":{"rendered":"TRANSLADO"},"content":{"rendered":"\t\t<div data-elementor-type=\"wp-page\" data-elementor-id=\"1562\" class=\"elementor elementor-1562\" data-elementor-post-type=\"page\">\n\t\t\t\t<div class=\"elementor-element elementor-element-6236f60 e-flex e-con-boxed e-con e-parent\" data-id=\"6236f60\" data-element_type=\"container\">\n\t\t\t\t\t<div class=\"e-con-inner\">\n\t\t<div class=\"elementor-element elementor-element-9e548f6 e-con-full e-flex e-con e-child\" data-id=\"9e548f6\" data-element_type=\"container\">\n\t\t\t\t<div class=\"elementor-element elementor-element-23538fe elementor-widget elementor-widget-heading\" data-id=\"23538fe\" data-element_type=\"widget\" data-widget_type=\"heading.default\">\n\t\t\t\t<div class=\"elementor-widget-container\">\n\t\t\t\t\t<h2 class=\"elementor-heading-title elementor-size-default\">Translado<\/h2>\t\t\t\t<\/div>\n\t\t\t\t<\/div>\n\t\t\t\t<\/div>\n\t\t\t\t\t<\/div>\n\t\t\t\t<\/div>\n\t\t<div class=\"elementor-element elementor-element-4e17eb2 e-flex e-con-boxed e-con e-parent\" data-id=\"4e17eb2\" data-element_type=\"container\">\n\t\t\t\t\t<div class=\"e-con-inner\">\n\t\t\t\t<div class=\"elementor-element elementor-element-6ffc5ba elementor-widget elementor-widget-text-editor\" data-id=\"6ffc5ba\" data-element_type=\"widget\" data-widget_type=\"text-editor.default\">\n\t\t\t\t<div class=\"elementor-widget-container\">\n\t\t\t\t\t\t\t\t\t<p>O percurso de Altamira at\u00e9 a Pousada Rio Xingu (80 km) \u00e9 realizado pela lend\u00e1ria Rodovia Transamaz\u00f4nica, com dura\u00e7\u00e3o m\u00e9dia de 2 horas.<br \/>Oferecemos translado em micro-\u00f4nibus ou caminhonetes com ar-condicionado, garantindo comodidade durante todo o trajeto.<br \/>Desde o momento em que voc\u00ea aterrissa no aeroporto de Altamira\/PA at\u00e9 a sua chegada \u00e0 pousada, cuidamos de cada detalhe. Nosso servi\u00e7o de transporte proporciona uma viagem tranquila e confort\u00e1vel, para que voc\u00ea inicie sua experi\u00eancia de pesca j\u00e1 relaxado e sem preocupa\u00e7\u00f5es.<\/p>\t\t\t\t\t\t\t\t<\/div>\n\t\t\t\t<\/div>\n\t\t\t\t\t<\/div>\n\t\t\t\t<\/div>\n\t\t\t\t<\/div>\n\t\t","protected":false},"excerpt":{"rendered":"<p>Translado O percurso de Altamira at\u00e9 a Pousada Rio Xingu (80 km) \u00e9 realizado pela lend\u00e1ria Rodovia Transamaz\u00f4nica, com dura\u00e7\u00e3o m\u00e9dia de 2 horas.Oferecemos translado em micro-\u00f4nibus ou caminhonetes com ar-condicionado, garantindo comodidade durante todo o trajeto.Desde o momento em que voc\u00ea aterrissa no aeroporto de Altamira\/PA at\u00e9 a sua chegada \u00e0 pousada, cuidamos de [&hellip;]<\/p>\n","protected":false},"author":3,"featured_media":0,"parent":0,"menu_order":0,"comment_status":"closed","ping_status":"closed","template":"elementor_header_footer","meta":{"footnotes":""},"class_list":["post-1562","page","type-page","status-publish","hentry"],"_hostinger_reach_plugin_has_subscription_block":false,"_hostinger_reach_plugin_is_elementor":false,"_links":{"self":[{"href":"https:\/\/pousadarioxingu.com\/pt_br\/wp-json\/wp\/v2\/pages\/1562","targetHints":{"allow":["GET"]}}],"collection":[{"href":"https:\/\/pousadarioxingu.com\/pt_br\/wp-json\/wp\/v2\/pages"}],"about":[{"href":"https:\/\/pousadarioxingu.com\/pt_br\/wp-json\/wp\/v2\/types\/page"}],"author":[{"embeddable":true,"href":"https:\/\/pousadarioxingu.com\/pt_br\/wp-json\/wp\/v2\/users\/3"}],"replies":[{"embeddable":true,"href":"https:\/\/pousadarioxingu.com\/pt_br\/wp-json\/wp\/v2\/comments?post=1562"}],"version-history":[{"count":19,"href":"https:\/\/pousadarioxingu.com\/pt_br\/wp-json\/wp\/v2\/pages\/1562\/revisions"}],"predecessor-version":[{"id":2965,"href":"https:\/\/pousadarioxingu.com\/pt_br\/wp-json\/wp\/v2\/pages\/1562\/revisions\/2965"}],"wp:attachment":[{"href":"https:\/\/pousadarioxingu.com\/pt_br\/wp-json\/wp\/v2\/media?parent=1562"}],"curies":[{"name":"wp","href":"https:\/\/api.w.org\/{rel}","templated":true}]}}