{"id":1600,"date":"2025-08-11T17:35:29","date_gmt":"2025-08-11T20:35:29","guid":{"rendered":"https:\/\/infocel.tech\/?page_id=1600"},"modified":"2025-10-11T18:53:23","modified_gmt":"2025-10-11T21:53:23","slug":"a-pousada","status":"publish","type":"page","link":"https:\/\/pousadarioxingu.com\/es\/a-pousada\/","title":{"rendered":"LA POSADA"},"content":{"rendered":"<div data-elementor-type=\"wp-page\" data-elementor-id=\"1600\" class=\"elementor elementor-1600\" data-elementor-post-type=\"page\">\n\t\t\t\t<div class=\"elementor-element elementor-element-177be03 e-flex e-con-boxed e-con e-parent\" data-id=\"177be03\" data-element_type=\"container\">\n\t\t\t\t\t<div class=\"e-con-inner\">\n\t\t<div class=\"elementor-element elementor-element-3f299fa e-con-full e-flex e-con e-child\" data-id=\"3f299fa\" data-element_type=\"container\">\n\t\t\t\t<div class=\"elementor-element elementor-element-3a203ff elementor-widget elementor-widget-heading\" data-id=\"3a203ff\" data-element_type=\"widget\" data-widget_type=\"heading.default\">\n\t\t\t\t<div class=\"elementor-widget-container\">\n\t\t\t\t\t<h2 class=\"elementor-heading-title elementor-size-default\">La posada<\/h2>\t\t\t\t<\/div>\n\t\t\t\t<\/div>\n\t\t\t\t<\/div>\n\t\t\t\t\t<\/div>\n\t\t\t\t<\/div>\n\t\t<div class=\"elementor-element elementor-element-4e17eb2 e-flex e-con-boxed e-con e-parent\" data-id=\"4e17eb2\" data-element_type=\"container\">\n\t\t\t\t\t<div class=\"e-con-inner\">\n\t\t\t\t<div class=\"elementor-element elementor-element-6ffc5ba elementor-widget elementor-widget-text-editor\" data-id=\"6ffc5ba\" data-element_type=\"widget\" data-widget_type=\"text-editor.default\">\n\t\t\t\t<div class=\"elementor-widget-container\">\n\t\t\t\t\t\t\t\t\t<p data-start=\"106\" data-end=\"516\" class=\"translation-block\">Acerca de la Posada Rio Xingu<br>\nLa Pousada Rio Xingu se encuentra en el oeste del estado de Par\u00e1, en una regi\u00f3n privilegiada de singular belleza natural. Situada a orillas del caudaloso r\u00edo Xingu, en el coraz\u00f3n de la vasta y misteriosa selva amaz\u00f3nica, la posada ocupa un lugar privilegiado en la cima de una monta\u00f1a, ofreciendo una combinaci\u00f3n \u00fanica de vistas panor\u00e1micas y contacto directo con la exuberante naturaleza circundante.<\/p><p data-start=\"518\" data-end=\"950\">Esta ubicaci\u00f3n estrat\u00e9gica ofrece a los visitantes una experiencia inigualable, donde el sonido del r\u00edo, el canto de las aves y la rica flora y fauna amaz\u00f3nica crean una atm\u00f3sfera de tranquilidad y conexi\u00f3n con el entorno. El paisaje que rodea el albergue se caracteriza por una impresionante diversidad, con \u00e1rboles centenarios, formaciones rocosas y una rica fauna que incluye innumerables especies de aves y animales silvestres.<\/p><p data-start=\"952\" data-end=\"1433\">Aqu\u00ed, la hospitalidad regional se combina con una infraestructura cuidadosamente dise\u00f1ada para ofrecer comodidad, seguridad y un servicio personalizado, ideal para quienes buscan experimentar lo mejor de la Amazon\u00eda, ya sea a trav\u00e9s de la pesca deportiva, el ecoturismo o simplemente una escapada tranquila a la naturaleza. Pousada Rio Xingu es el punto de partida perfecto para explorar la belleza natural de Par\u00e1, manteniendo un equilibrio entre la comodidad moderna y el respeto por la preservaci\u00f3n del medio ambiente.<\/p>\t\t\t\t\t\t\t\t<\/div>\n\t\t\t\t<\/div>\n\t\t\t\t\t<\/div>\n\t\t\t\t<\/div>\n\t\t<div class=\"elementor-element elementor-element-c5b77fd e-flex e-con-boxed e-con e-parent\" data-id=\"c5b77fd\" data-element_type=\"container\">\n\t\t\t\t\t<div class=\"e-con-inner\">\n\t\t\t\t<div class=\"elementor-element elementor-element-67e097c elementor-widget-laptop__width-initial elementor-arrows-position-inside elementor-widget elementor-widget-image-carousel\" data-id=\"67e097c\" data-element_type=\"widget\" data-settings=\"{&quot;navigation&quot;:&quot;arrows&quot;,&quot;image_spacing_custom&quot;:{&quot;unit&quot;:&quot;px&quot;,&quot;size&quot;:4,&quot;sizes&quot;:[]},&quot;autoplay&quot;:&quot;yes&quot;,&quot;pause_on_hover&quot;:&quot;yes&quot;,&quot;pause_on_interaction&quot;:&quot;yes&quot;,&quot;autoplay_speed&quot;:5000,&quot;infinite&quot;:&quot;yes&quot;,&quot;speed&quot;:500,&quot;image_spacing_custom_widescreen&quot;:{&quot;unit&quot;:&quot;px&quot;,&quot;size&quot;:&quot;&quot;,&quot;sizes&quot;:[]},&quot;image_spacing_custom_laptop&quot;:{&quot;unit&quot;:&quot;px&quot;,&quot;size&quot;:&quot;&quot;,&quot;sizes&quot;:[]},&quot;image_spacing_custom_tablet&quot;:{&quot;unit&quot;:&quot;px&quot;,&quot;size&quot;:&quot;&quot;,&quot;sizes&quot;:[]},&quot;image_spacing_custom_mobile&quot;:{&quot;unit&quot;:&quot;px&quot;,&quot;size&quot;:&quot;&quot;,&quot;sizes&quot;:[]}}\" data-widget_type=\"image-carousel.default\">\n\t\t\t\t<div class=\"elementor-widget-container\">\n\t\t\t\t\t\t\t<div class=\"elementor-image-carousel-wrapper swiper\" role=\"region\" aria-roledescription=\"carousel\" aria-label=\"Carrossel de imagens\" dir=\"ltr\">\n\t\t\t<div class=\"elementor-image-carousel swiper-wrapper swiper-image-stretch\" aria-live=\"off\">\n\t\t\t\t\t\t\t\t<div class=\"swiper-slide\" role=\"group\" aria-roledescription=\"slide\" aria-label=\"1 de 10\"><a data-elementor-open-lightbox=\"yes\" data-elementor-lightbox-slideshow=\"67e097c\" data-e-action-hash=\"#elementor-action%3Aaction%3Dlightbox%26settings%3DeyJpZCI6ODk3LCJ1cmwiOiJodHRwczpcL1wvcG91c2FkYXJpb3hpbmd1LmNvbVwvd3AtY29udGVudFwvdXBsb2Fkc1wvMjAyNVwvMDhcL0FBQTc4NzItc2NhbGVkLmpwZyIsInNsaWRlc2hvdyI6IjY3ZTA5N2MifQ%3D%3D\" href=\"https:\/\/pousadarioxingu.com\/wp-content\/uploads\/2025\/08\/AAA7872-scaled.jpg\"><figure class=\"swiper-slide-inner\"><img decoding=\"async\" class=\"swiper-slide-image\" src=\"https:\/\/pousadarioxingu.com\/wp-content\/uploads\/2025\/08\/AAA7872-scaled.jpg\" alt=\"_AAA7872\" \/><\/figure><\/a><\/div><div class=\"swiper-slide\" role=\"group\" aria-roledescription=\"slide\" aria-label=\"2 de 10\"><a data-elementor-open-lightbox=\"yes\" data-elementor-lightbox-slideshow=\"67e097c\" data-e-action-hash=\"#elementor-action%3Aaction%3Dlightbox%26settings%3DeyJpZCI6ODk2LCJ1cmwiOiJodHRwczpcL1wvcG91c2FkYXJpb3hpbmd1LmNvbVwvd3AtY29udGVudFwvdXBsb2Fkc1wvMjAyNVwvMDhcL0FBQTc4NDEtc2NhbGVkLmpwZyIsInNsaWRlc2hvdyI6IjY3ZTA5N2MifQ%3D%3D\" href=\"https:\/\/pousadarioxingu.com\/wp-content\/uploads\/2025\/08\/AAA7841-scaled.jpg\"><figure class=\"swiper-slide-inner\"><img decoding=\"async\" class=\"swiper-slide-image\" src=\"https:\/\/pousadarioxingu.com\/wp-content\/uploads\/2025\/08\/AAA7841-scaled.jpg\" alt=\"_AAA7841\" \/><\/figure><\/a><\/div><div class=\"swiper-slide\" role=\"group\" aria-roledescription=\"slide\" aria-label=\"3 de 10\"><a data-elementor-open-lightbox=\"yes\" data-elementor-lightbox-slideshow=\"67e097c\" data-e-action-hash=\"#elementor-action%3Aaction%3Dlightbox%26settings%3DeyJpZCI6ODkzLCJ1cmwiOiJodHRwczpcL1wvcG91c2FkYXJpb3hpbmd1LmNvbVwvd3AtY29udGVudFwvdXBsb2Fkc1wvMjAyNVwvMDhcL0FBQTc4Mzktc2NhbGVkLmpwZyIsInNsaWRlc2hvdyI6IjY3ZTA5N2MifQ%3D%3D\" href=\"https:\/\/pousadarioxingu.com\/wp-content\/uploads\/2025\/08\/AAA7839-scaled.jpg\"><figure class=\"swiper-slide-inner\"><img decoding=\"async\" class=\"swiper-slide-image\" src=\"https:\/\/pousadarioxingu.com\/wp-content\/uploads\/2025\/08\/AAA7839-scaled.jpg\" alt=\"_AAA7839\" \/><\/figure><\/a><\/div><div class=\"swiper-slide\" role=\"group\" aria-roledescription=\"slide\" aria-label=\"4 de 10\"><a data-elementor-open-lightbox=\"yes\" data-elementor-lightbox-slideshow=\"67e097c\" data-e-action-hash=\"#elementor-action%3Aaction%3Dlightbox%26settings%3DeyJpZCI6ODk4LCJ1cmwiOiJodHRwczpcL1wvcG91c2FkYXJpb3hpbmd1LmNvbVwvd3AtY29udGVudFwvdXBsb2Fkc1wvMjAyNVwvMDhcL0FBQTc4NDItc2NhbGVkLmpwZyIsInNsaWRlc2hvdyI6IjY3ZTA5N2MifQ%3D%3D\" href=\"https:\/\/pousadarioxingu.com\/wp-content\/uploads\/2025\/08\/AAA7842-scaled.jpg\"><figure class=\"swiper-slide-inner\"><img decoding=\"async\" class=\"swiper-slide-image\" src=\"https:\/\/pousadarioxingu.com\/wp-content\/uploads\/2025\/08\/AAA7842-scaled.jpg\" alt=\"_AAA7842\" \/><\/figure><\/a><\/div><div class=\"swiper-slide\" role=\"group\" aria-roledescription=\"slide\" aria-label=\"5 de 10\"><a data-elementor-open-lightbox=\"yes\" data-elementor-lightbox-slideshow=\"67e097c\" data-e-action-hash=\"#elementor-action%3Aaction%3Dlightbox%26settings%3DeyJpZCI6ODkxLCJ1cmwiOiJodHRwczpcL1wvcG91c2FkYXJpb3hpbmd1LmNvbVwvd3AtY29udGVudFwvdXBsb2Fkc1wvMjAyNVwvMDhcL0FBQTc4MzUtc2NhbGVkLmpwZyIsInNsaWRlc2hvdyI6IjY3ZTA5N2MifQ%3D%3D\" href=\"https:\/\/pousadarioxingu.com\/wp-content\/uploads\/2025\/08\/AAA7835-scaled.jpg\"><figure class=\"swiper-slide-inner\"><img decoding=\"async\" class=\"swiper-slide-image\" src=\"https:\/\/pousadarioxingu.com\/wp-content\/uploads\/2025\/08\/AAA7835-scaled.jpg\" alt=\"_AAA7835\" \/><\/figure><\/a><\/div><div class=\"swiper-slide\" role=\"group\" aria-roledescription=\"slide\" aria-label=\"6 de 10\"><a data-elementor-open-lightbox=\"yes\" data-elementor-lightbox-slideshow=\"67e097c\" data-e-action-hash=\"#elementor-action%3Aaction%3Dlightbox%26settings%3DeyJpZCI6ODk5LCJ1cmwiOiJodHRwczpcL1wvcG91c2FkYXJpb3hpbmd1LmNvbVwvd3AtY29udGVudFwvdXBsb2Fkc1wvMjAyNVwvMDhcL0FBQTc4NjAtc2NhbGVkLmpwZyIsInNsaWRlc2hvdyI6IjY3ZTA5N2MifQ%3D%3D\" href=\"https:\/\/pousadarioxingu.com\/wp-content\/uploads\/2025\/08\/AAA7860-scaled.jpg\"><figure class=\"swiper-slide-inner\"><img decoding=\"async\" class=\"swiper-slide-image\" src=\"https:\/\/pousadarioxingu.com\/wp-content\/uploads\/2025\/08\/AAA7860-scaled.jpg\" alt=\"_AAA7860\" \/><\/figure><\/a><\/div><div class=\"swiper-slide\" role=\"group\" aria-roledescription=\"slide\" aria-label=\"7 de 10\"><a data-elementor-open-lightbox=\"yes\" data-elementor-lightbox-slideshow=\"67e097c\" data-e-action-hash=\"#elementor-action%3Aaction%3Dlightbox%26settings%3DeyJpZCI6ODg1LCJ1cmwiOiJodHRwczpcL1wvcG91c2FkYXJpb3hpbmd1LmNvbVwvd3AtY29udGVudFwvdXBsb2Fkc1wvMjAyNVwvMDhcL0FBQTc4NjMtc2NhbGVkLmpwZyIsInNsaWRlc2hvdyI6IjY3ZTA5N2MifQ%3D%3D\" href=\"https:\/\/pousadarioxingu.com\/wp-content\/uploads\/2025\/08\/AAA7863-scaled.jpg\"><figure class=\"swiper-slide-inner\"><img decoding=\"async\" class=\"swiper-slide-image\" src=\"https:\/\/pousadarioxingu.com\/wp-content\/uploads\/2025\/08\/AAA7863-scaled.jpg\" alt=\"_AAA7863\" \/><\/figure><\/a><\/div><div class=\"swiper-slide\" role=\"group\" aria-roledescription=\"slide\" aria-label=\"8 de 10\"><a data-elementor-open-lightbox=\"yes\" data-elementor-lightbox-slideshow=\"67e097c\" data-e-action-hash=\"#elementor-action%3Aaction%3Dlightbox%26settings%3DeyJpZCI6ODgyLCJ1cmwiOiJodHRwczpcL1wvcG91c2FkYXJpb3hpbmd1LmNvbVwvd3AtY29udGVudFwvdXBsb2Fkc1wvMjAyNVwvMDhcL0FBQTc4NDUtc2NhbGVkLmpwZyIsInNsaWRlc2hvdyI6IjY3ZTA5N2MifQ%3D%3D\" href=\"https:\/\/pousadarioxingu.com\/wp-content\/uploads\/2025\/08\/AAA7845-scaled.jpg\"><figure class=\"swiper-slide-inner\"><img decoding=\"async\" class=\"swiper-slide-image\" src=\"https:\/\/pousadarioxingu.com\/wp-content\/uploads\/2025\/08\/AAA7845-scaled.jpg\" alt=\"_AAA7845\" \/><\/figure><\/a><\/div><div class=\"swiper-slide\" role=\"group\" aria-roledescription=\"slide\" aria-label=\"9 de 10\"><a data-elementor-open-lightbox=\"yes\" data-elementor-lightbox-slideshow=\"67e097c\" data-e-action-hash=\"#elementor-action%3Aaction%3Dlightbox%26settings%3DeyJpZCI6ODg0LCJ1cmwiOiJodHRwczpcL1wvcG91c2FkYXJpb3hpbmd1LmNvbVwvd3AtY29udGVudFwvdXBsb2Fkc1wvMjAyNVwvMDhcL0FBQTc4NTgtc2NhbGVkLmpwZyIsInNsaWRlc2hvdyI6IjY3ZTA5N2MifQ%3D%3D\" href=\"https:\/\/pousadarioxingu.com\/wp-content\/uploads\/2025\/08\/AAA7858-scaled.jpg\"><figure class=\"swiper-slide-inner\"><img decoding=\"async\" class=\"swiper-slide-image\" src=\"https:\/\/pousadarioxingu.com\/wp-content\/uploads\/2025\/08\/AAA7858-scaled.jpg\" alt=\"_AAA7858\" \/><\/figure><\/a><\/div><div class=\"swiper-slide\" role=\"group\" aria-roledescription=\"slide\" aria-label=\"10 de 10\"><a data-elementor-open-lightbox=\"yes\" data-elementor-lightbox-slideshow=\"67e097c\" data-e-action-hash=\"#elementor-action%3Aaction%3Dlightbox%26settings%3DeyJpZCI6ODg2LCJ1cmwiOiJodHRwczpcL1wvcG91c2FkYXJpb3hpbmd1LmNvbVwvd3AtY29udGVudFwvdXBsb2Fkc1wvMjAyNVwvMDhcL0FBQTc4ODAtc2NhbGVkLmpwZyIsInNsaWRlc2hvdyI6IjY3ZTA5N2MifQ%3D%3D\" href=\"https:\/\/pousadarioxingu.com\/wp-content\/uploads\/2025\/08\/AAA7880-scaled.jpg\"><figure class=\"swiper-slide-inner\"><img decoding=\"async\" class=\"swiper-slide-image\" src=\"https:\/\/pousadarioxingu.com\/wp-content\/uploads\/2025\/08\/AAA7880-scaled.jpg\" alt=\"_AAA7880\" \/><\/figure><\/a><\/div>\t\t\t<\/div>\n\t\t\t\t\t\t\t\t\t\t\t\t<div class=\"elementor-swiper-button elementor-swiper-button-prev\" role=\"button\" tabindex=\"0\">\n\t\t\t\t\t\t<svg aria-hidden=\"true\" class=\"e-font-icon-svg e-eicon-chevron-left\" viewbox=\"0 0 1000 1000\" xmlns=\"http:\/\/www.w3.org\/2000\/svg\"><path d=\"M646 125C629 125 613 133 604 142L308 442C296 454 292 471 292 487 292 504 296 521 308 533L604 854C617 867 629 875 646 875 663 875 679 871 692 858 704 846 713 829 713 812 713 796 708 779 692 767L438 487 692 225C700 217 708 204 708 187 708 171 704 154 692 142 675 129 663 125 646 125Z\"><\/path><\/svg>\t\t\t\t\t<\/div>\n\t\t\t\t\t<div class=\"elementor-swiper-button elementor-swiper-button-next\" role=\"button\" tabindex=\"0\">\n\t\t\t\t\t\t<svg aria-hidden=\"true\" class=\"e-font-icon-svg e-eicon-chevron-right\" viewbox=\"0 0 1000 1000\" xmlns=\"http:\/\/www.w3.org\/2000\/svg\"><path d=\"M696 533C708 521 713 504 713 487 713 471 708 454 696 446L400 146C388 133 375 125 354 125 338 125 325 129 313 142 300 154 292 171 292 187 292 204 296 221 308 233L563 492 304 771C292 783 288 800 288 817 288 833 296 850 308 863 321 871 338 875 354 875 371 875 388 867 400 854L696 533Z\"><\/path><\/svg>\t\t\t\t\t<\/div>\n\t\t\t\t\n\t\t\t\t\t\t\t\t\t<\/div>\n\t\t\t\t\t\t<\/div>\n\t\t\t\t<\/div>\n\t\t\t\t\t<\/div>\n\t\t\t\t<\/div>\n\t\t\t\t<\/div>","protected":false},"excerpt":{"rendered":"<p>A Pousada Sobre a Pousada Rio XinguA Pousada Rio Xingu est\u00e1 localizada no oeste do Estado do Par\u00e1, em uma regi\u00e3o privilegiada e de rara beleza natural. Situada \u00e0s margens do imponente Rio Xingu, no cora\u00e7\u00e3o da vasta e misteriosa floresta amaz\u00f4nica, a pousada ocupa um lugar especial no topo de uma montanha, oferecendo uma [&hellip;]<\/p>","protected":false},"author":3,"featured_media":0,"parent":0,"menu_order":0,"comment_status":"closed","ping_status":"closed","template":"elementor_header_footer","meta":{"footnotes":""},"class_list":["post-1600","page","type-page","status-publish","hentry"],"_hostinger_reach_plugin_has_subscription_block":false,"_hostinger_reach_plugin_is_elementor":false,"_links":{"self":[{"href":"https:\/\/pousadarioxingu.com\/es\/wp-json\/wp\/v2\/pages\/1600","targetHints":{"allow":["GET"]}}],"collection":[{"href":"https:\/\/pousadarioxingu.com\/es\/wp-json\/wp\/v2\/pages"}],"about":[{"href":"https:\/\/pousadarioxingu.com\/es\/wp-json\/wp\/v2\/types\/page"}],"author":[{"embeddable":true,"href":"https:\/\/pousadarioxingu.com\/es\/wp-json\/wp\/v2\/users\/3"}],"replies":[{"embeddable":true,"href":"https:\/\/pousadarioxingu.com\/es\/wp-json\/wp\/v2\/comments?post=1600"}],"version-history":[{"count":16,"href":"https:\/\/pousadarioxingu.com\/es\/wp-json\/wp\/v2\/pages\/1600\/revisions"}],"predecessor-version":[{"id":3171,"href":"https:\/\/pousadarioxingu.com\/es\/wp-json\/wp\/v2\/pages\/1600\/revisions\/3171"}],"wp:attachment":[{"href":"https:\/\/pousadarioxingu.com\/es\/wp-json\/wp\/v2\/media?parent=1600"}],"curies":[{"name":"wp","href":"https:\/\/api.w.org\/{rel}","templated":true}]}}