{"id":1606,"date":"2025-08-11T17:39:44","date_gmt":"2025-08-11T20:39:44","guid":{"rendered":"https:\/\/infocel.tech\/?page_id=1606"},"modified":"2025-09-11T21:53:41","modified_gmt":"2025-09-12T00:53:41","slug":"como-chegar","status":"publish","type":"page","link":"https:\/\/pousadarioxingu.com\/en\/como-chegar\/","title":{"rendered":"HOW TO GO"},"content":{"rendered":"<div data-elementor-type=\"wp-page\" data-elementor-id=\"1606\" class=\"elementor elementor-1606\" data-elementor-post-type=\"page\">\n\t\t\t\t<div class=\"elementor-element elementor-element-4435870 e-flex e-con-boxed e-con e-parent\" data-id=\"4435870\" data-element_type=\"container\">\n\t\t\t\t\t<div class=\"e-con-inner\">\n\t\t<div class=\"elementor-element elementor-element-6320e6c e-con-full e-flex e-con e-child\" data-id=\"6320e6c\" data-element_type=\"container\">\n\t\t\t\t<div class=\"elementor-element elementor-element-1ba66c7 elementor-widget elementor-widget-heading\" data-id=\"1ba66c7\" data-element_type=\"widget\" data-widget_type=\"heading.default\">\n\t\t\t\t<div class=\"elementor-widget-container\">\n\t\t\t\t\t<h2 class=\"elementor-heading-title elementor-size-default\">HOW TO GO<\/h2>\t\t\t\t<\/div>\n\t\t\t\t<\/div>\n\t\t\t\t<\/div>\n\t\t\t\t\t<\/div>\n\t\t\t\t<\/div>\n\t\t<div class=\"elementor-element elementor-element-4e17eb2 e-flex e-con-boxed e-con e-parent\" data-id=\"4e17eb2\" data-element_type=\"container\">\n\t\t\t\t\t<div class=\"e-con-inner\">\n\t\t\t\t<div class=\"elementor-element elementor-element-6ffc5ba elementor-widget elementor-widget-text-editor\" data-id=\"6ffc5ba\" data-element_type=\"widget\" data-widget_type=\"text-editor.default\">\n\t\t\t\t<div class=\"elementor-widget-container\">\n\t\t\t\t\t\t\t\t\t<p>A Pousada Rio Xingu est\u00e1 situada no oeste do Par\u00e1 (3\u00b017\u201910,3\u201d S \/ 51\u00b039\u201924,7\u201d W), a apenas 80 km de Altamira, dentro do S\u00edtio Pesqueiro Estadual Volta Grande do Xingu \u2014 uma \u00e1rea protegida de 256 km\u00b2, famosa por sua beleza natural e abund\u00e2ncia de peixes.<br \/>O trecho do Rio Xingu que d\u00e1 acesso \u00e0 pousada est\u00e1 entre os encaichoeirados do Itamarac\u00e1 (a jusante) e do Jerico\u00e1 (a montante). Uma paisagem \u00fanica, com 90% do leito em pedras e 10% em praias de areia grossa, perfeitas para relaxar e contemplar a natureza.<br \/>O acesso \u00e9 simples: voos de v\u00e1rias companhias chegam a Bel\u00e9m; de l\u00e1, a Azul opera o trecho at\u00e9 Altamira. A partir do aeroporto, nosso transfer exclusivo garante conforto e seguran\u00e7a at\u00e9 a pousada.<\/p>\t\t\t\t\t\t\t\t<\/div>\n\t\t\t\t<\/div>\n\t\t\t\t\t<\/div>\n\t\t\t\t<\/div>\n\t\t<div class=\"elementor-element elementor-element-c5b77fd e-flex e-con-boxed e-con e-parent\" data-id=\"c5b77fd\" data-element_type=\"container\">\n\t\t\t\t\t<div class=\"e-con-inner\">\n\t\t\t\t<div class=\"elementor-element elementor-element-1d25073 elementor-widget elementor-widget-google_maps\" data-id=\"1d25073\" data-element_type=\"widget\" data-widget_type=\"google_maps.default\">\n\t\t\t\t<div class=\"elementor-widget-container\">\n\t\t\t\t\t\t\t<div class=\"elementor-custom-embed\">\n\t\t\t<iframe loading=\"lazy\"\n\t\t\t\t\tsrc=\"https:\/\/maps.google.com\/maps?q=Pousada%20Rio%20Xingu&#038;t=m&#038;z=10&#038;output=embed&#038;iwloc=near\"\n\t\t\t\t\ttitle=\"Pousada Rio Xingu\"\n\t\t\t\t\taria-label=\"Pousada Rio Xingu\"\n\t\t\t><\/iframe>\n\t\t<\/div>\n\t\t\t\t\t\t<\/div>\n\t\t\t\t<\/div>\n\t\t\t\t\t<\/div>\n\t\t\t\t<\/div>\n\t\t\t\t<\/div>","protected":false},"excerpt":{"rendered":"<p>Como Chegar A Pousada Rio Xingu est\u00e1 situada no oeste do Par\u00e1 (3\u00b017\u201910,3\u201d S \/ 51\u00b039\u201924,7\u201d W), a apenas 80 km de Altamira, dentro do S\u00edtio Pesqueiro Estadual Volta Grande do Xingu \u2014 uma \u00e1rea protegida de 256 km\u00b2, famosa por sua beleza natural e abund\u00e2ncia de peixes.O trecho do Rio Xingu que d\u00e1 acesso [&hellip;]<\/p>","protected":false},"author":3,"featured_media":0,"parent":0,"menu_order":0,"comment_status":"closed","ping_status":"closed","template":"elementor_header_footer","meta":{"footnotes":""},"class_list":["post-1606","page","type-page","status-publish","hentry"],"_hostinger_reach_plugin_has_subscription_block":false,"_hostinger_reach_plugin_is_elementor":false,"_links":{"self":[{"href":"https:\/\/pousadarioxingu.com\/en\/wp-json\/wp\/v2\/pages\/1606","targetHints":{"allow":["GET"]}}],"collection":[{"href":"https:\/\/pousadarioxingu.com\/en\/wp-json\/wp\/v2\/pages"}],"about":[{"href":"https:\/\/pousadarioxingu.com\/en\/wp-json\/wp\/v2\/types\/page"}],"author":[{"embeddable":true,"href":"https:\/\/pousadarioxingu.com\/en\/wp-json\/wp\/v2\/users\/3"}],"replies":[{"embeddable":true,"href":"https:\/\/pousadarioxingu.com\/en\/wp-json\/wp\/v2\/comments?post=1606"}],"version-history":[{"count":19,"href":"https:\/\/pousadarioxingu.com\/en\/wp-json\/wp\/v2\/pages\/1606\/revisions"}],"predecessor-version":[{"id":2968,"href":"https:\/\/pousadarioxingu.com\/en\/wp-json\/wp\/v2\/pages\/1606\/revisions\/2968"}],"wp:attachment":[{"href":"https:\/\/pousadarioxingu.com\/en\/wp-json\/wp\/v2\/media?parent=1606"}],"curies":[{"name":"wp","href":"https:\/\/api.w.org\/{rel}","templated":true}]}}