{"id":1557,"date":"2025-08-11T16:53:42","date_gmt":"2025-08-11T19:53:42","guid":{"rendered":"https:\/\/infocel.tech\/?page_id=1557"},"modified":"2025-10-11T18:39:18","modified_gmt":"2025-10-11T21:39:18","slug":"mirante","status":"publish","type":"page","link":"https:\/\/pousadarioxingu.com\/en\/mirante\/","title":{"rendered":"LOOKOUT"},"content":{"rendered":"<div data-elementor-type=\"wp-page\" data-elementor-id=\"1557\" class=\"elementor elementor-1557\" data-elementor-post-type=\"page\">\n\t\t\t\t<div class=\"elementor-element elementor-element-484772f e-flex e-con-boxed e-con e-parent\" data-id=\"484772f\" data-element_type=\"container\">\n\t\t\t\t\t<div class=\"e-con-inner\">\n\t\t<div class=\"elementor-element elementor-element-6f27915 e-con-full e-flex e-con e-child\" data-id=\"6f27915\" data-element_type=\"container\">\n\t\t\t\t<div class=\"elementor-element elementor-element-20a6d18 elementor-widget elementor-widget-heading\" data-id=\"20a6d18\" data-element_type=\"widget\" data-widget_type=\"heading.default\">\n\t\t\t\t<div class=\"elementor-widget-container\">\n\t\t\t\t\t<h2 class=\"elementor-heading-title elementor-size-default\">Lookout<\/h2>\t\t\t\t<\/div>\n\t\t\t\t<\/div>\n\t\t\t\t<\/div>\n\t\t\t\t\t<\/div>\n\t\t\t\t<\/div>\n\t\t<div class=\"elementor-element elementor-element-4e17eb2 e-flex e-con-boxed e-con e-parent\" data-id=\"4e17eb2\" data-element_type=\"container\">\n\t\t\t\t\t<div class=\"e-con-inner\">\n\t\t\t\t<div class=\"elementor-element elementor-element-6ffc5ba elementor-widget elementor-widget-text-editor\" data-id=\"6ffc5ba\" data-element_type=\"widget\" data-widget_type=\"text-editor.default\">\n\t\t\t\t<div class=\"elementor-widget-container\">\n\t\t\t\t\t\t\t\t\t<p>Na nossa pousada, a experi\u00eancia vai muito al\u00e9m da pesca. Do alto do nosso mirante, voc\u00ea tem uma vista panor\u00e2mica de tirar o f\u00f4lego, onde rios, florestas e c\u00e9u se encontram em perfeita harmonia. \u00c9 tamb\u00e9m um ponto privilegiado para observar a diversidade de aves que habitam a regi\u00e3o, um verdadeiro para\u00edso para amantes da natureza e da fotografia. Seja ao amanhecer, com o canto dos p\u00e1ssaros, ou ao entardecer, com o p\u00f4r do sol pintando o horizonte, cada momento no mirante \u00e9 \u00fanico e inesquec\u00edvel. Traga a sua C\u00e2mera e a sua filmadora e fa\u00e7a imagens espetaculares do Xingu.<\/p>\t\t\t\t\t\t\t\t<\/div>\n\t\t\t\t<\/div>\n\t\t\t\t\t<\/div>\n\t\t\t\t<\/div>\n\t\t\t\t<\/div>","protected":false},"excerpt":{"rendered":"<p>Mirante Na nossa pousada, a experi\u00eancia vai muito al\u00e9m da pesca. Do alto do nosso mirante, voc\u00ea tem uma vista panor\u00e2mica de tirar o f\u00f4lego, onde rios, florestas e c\u00e9u se encontram em perfeita harmonia. \u00c9 tamb\u00e9m um ponto privilegiado para observar a diversidade de aves que habitam a regi\u00e3o, um verdadeiro para\u00edso para amantes [&hellip;]<\/p>","protected":false},"author":3,"featured_media":0,"parent":0,"menu_order":0,"comment_status":"closed","ping_status":"closed","template":"elementor_header_footer","meta":{"footnotes":""},"class_list":["post-1557","page","type-page","status-publish","hentry"],"_hostinger_reach_plugin_has_subscription_block":false,"_hostinger_reach_plugin_is_elementor":false,"_links":{"self":[{"href":"https:\/\/pousadarioxingu.com\/en\/wp-json\/wp\/v2\/pages\/1557","targetHints":{"allow":["GET"]}}],"collection":[{"href":"https:\/\/pousadarioxingu.com\/en\/wp-json\/wp\/v2\/pages"}],"about":[{"href":"https:\/\/pousadarioxingu.com\/en\/wp-json\/wp\/v2\/types\/page"}],"author":[{"embeddable":true,"href":"https:\/\/pousadarioxingu.com\/en\/wp-json\/wp\/v2\/users\/3"}],"replies":[{"embeddable":true,"href":"https:\/\/pousadarioxingu.com\/en\/wp-json\/wp\/v2\/comments?post=1557"}],"version-history":[{"count":19,"href":"https:\/\/pousadarioxingu.com\/en\/wp-json\/wp\/v2\/pages\/1557\/revisions"}],"predecessor-version":[{"id":3155,"href":"https:\/\/pousadarioxingu.com\/en\/wp-json\/wp\/v2\/pages\/1557\/revisions\/3155"}],"wp:attachment":[{"href":"https:\/\/pousadarioxingu.com\/en\/wp-json\/wp\/v2\/media?parent=1557"}],"curies":[{"name":"wp","href":"https:\/\/api.w.org\/{rel}","templated":true}]}}