{"id":1549,"date":"2025-08-11T16:49:56","date_gmt":"2025-08-11T19:49:56","guid":{"rendered":"https:\/\/infocel.tech\/?page_id=1549"},"modified":"2025-09-11T22:40:44","modified_gmt":"2025-09-12T01:40:44","slug":"salao-principal","status":"publish","type":"page","link":"https:\/\/pousadarioxingu.com\/en\/salao-principal\/","title":{"rendered":"SAL\u00c3O PRINCIPAL"},"content":{"rendered":"<div data-elementor-type=\"wp-page\" data-elementor-id=\"1549\" class=\"elementor elementor-1549\" data-elementor-post-type=\"page\">\n\t\t\t\t<div class=\"elementor-element elementor-element-9237350 e-flex e-con-boxed e-con e-parent\" data-id=\"9237350\" data-element_type=\"container\">\n\t\t\t\t\t<div class=\"e-con-inner\">\n\t\t<div class=\"elementor-element elementor-element-937aac3 e-con-full e-flex e-con e-child\" data-id=\"937aac3\" data-element_type=\"container\">\n\t\t\t\t<div class=\"elementor-element elementor-element-78edcfe elementor-widget elementor-widget-heading\" data-id=\"78edcfe\" data-element_type=\"widget\" data-widget_type=\"heading.default\">\n\t\t\t\t<div class=\"elementor-widget-container\">\n\t\t\t\t\t<h2 class=\"elementor-heading-title elementor-size-default\">Gastronomia &amp; Conviv\u00eancia<\/h2>\t\t\t\t<\/div>\n\t\t\t\t<\/div>\n\t\t\t\t<\/div>\n\t\t\t\t\t<\/div>\n\t\t\t\t<\/div>\n\t\t<div class=\"elementor-element elementor-element-4e17eb2 e-flex e-con-boxed e-con e-parent\" data-id=\"4e17eb2\" data-element_type=\"container\">\n\t\t\t\t\t<div class=\"e-con-inner\">\n\t\t\t\t<div class=\"elementor-element elementor-element-6ffc5ba elementor-widget elementor-widget-text-editor\" data-id=\"6ffc5ba\" data-element_type=\"widget\" data-widget_type=\"text-editor.default\">\n\t\t\t\t<div class=\"elementor-widget-container\">\n\t\t\t\t\t\t\t\t\t<p>O sal\u00e3o principal da Pousada Rio Xingu re\u00fane em um s\u00f3 espa\u00e7o a sala de refei\u00e7\u00f5es, sala de jogos e sala de TV , um ambiente acolhedor que combina conforto com uma vista deslumbrante da Amaz\u00f4nia, revelada atrav\u00e9s de suas amplas portas.<br \/>Nossas refei\u00e7\u00f5es s\u00e3o verdadeiras experi\u00eancias gastron\u00f4micas, reconhecidas como uma das melhores culin\u00e1ria brasileira. O card\u00e1pio \u00e9 sempre farto e variado, com receitas irresist\u00edveis da cozinha regional: peixes frescos, carnes suculentas, legumes e vegetais preparados com todo o cuidado, al\u00e9m de sucos naturais, frutas, p\u00e3es e bolos caseiros.<br \/>Aqui, cada refei\u00e7\u00e3o vai muito al\u00e9m da mesa: \u00e9 um convite a viver experi\u00eancias \u00fanicas, que combinam sabor, tradi\u00e7\u00e3o e a alegria da boa companhia.<\/p>\t\t\t\t\t\t\t\t<\/div>\n\t\t\t\t<\/div>\n\t\t\t\t\t<\/div>\n\t\t\t\t<\/div>\n\t\t<div class=\"elementor-element elementor-element-c5b77fd e-flex e-con-boxed e-con e-parent\" data-id=\"c5b77fd\" data-element_type=\"container\">\n\t\t\t\t\t<div class=\"e-con-inner\">\n\t\t\t\t<div class=\"elementor-element elementor-element-67e097c elementor-widget-laptop__width-initial elementor-arrows-position-inside elementor-widget elementor-widget-image-carousel\" data-id=\"67e097c\" data-element_type=\"widget\" data-settings=\"{&quot;navigation&quot;:&quot;arrows&quot;,&quot;image_spacing_custom&quot;:{&quot;unit&quot;:&quot;px&quot;,&quot;size&quot;:4,&quot;sizes&quot;:[]},&quot;autoplay&quot;:&quot;yes&quot;,&quot;pause_on_hover&quot;:&quot;yes&quot;,&quot;pause_on_interaction&quot;:&quot;yes&quot;,&quot;autoplay_speed&quot;:5000,&quot;infinite&quot;:&quot;yes&quot;,&quot;speed&quot;:500,&quot;image_spacing_custom_widescreen&quot;:{&quot;unit&quot;:&quot;px&quot;,&quot;size&quot;:&quot;&quot;,&quot;sizes&quot;:[]},&quot;image_spacing_custom_laptop&quot;:{&quot;unit&quot;:&quot;px&quot;,&quot;size&quot;:&quot;&quot;,&quot;sizes&quot;:[]},&quot;image_spacing_custom_tablet&quot;:{&quot;unit&quot;:&quot;px&quot;,&quot;size&quot;:&quot;&quot;,&quot;sizes&quot;:[]},&quot;image_spacing_custom_mobile&quot;:{&quot;unit&quot;:&quot;px&quot;,&quot;size&quot;:&quot;&quot;,&quot;sizes&quot;:[]}}\" data-widget_type=\"image-carousel.default\">\n\t\t\t\t<div class=\"elementor-widget-container\">\n\t\t\t\t\t\t\t<div class=\"elementor-image-carousel-wrapper swiper\" role=\"region\" aria-roledescription=\"carousel\" aria-label=\"Carrossel de imagens\" dir=\"ltr\">\n\t\t\t<div class=\"elementor-image-carousel swiper-wrapper swiper-image-stretch\" aria-live=\"off\">\n\t\t\t\t\t\t\t\t<div class=\"swiper-slide\" role=\"group\" aria-roledescription=\"slide\" aria-label=\"1 de 7\"><a data-elementor-open-lightbox=\"yes\" data-elementor-lightbox-slideshow=\"67e097c\" data-e-action-hash=\"#elementor-action%3Aaction%3Dlightbox%26settings%3DeyJpZCI6ODkzLCJ1cmwiOiJodHRwczpcL1wvcG91c2FkYXJpb3hpbmd1LmNvbVwvd3AtY29udGVudFwvdXBsb2Fkc1wvMjAyNVwvMDhcL0FBQTc4Mzktc2NhbGVkLmpwZyIsInNsaWRlc2hvdyI6IjY3ZTA5N2MifQ%3D%3D\" href=\"https:\/\/pousadarioxingu.com\/wp-content\/uploads\/2025\/08\/AAA7839-scaled.jpg\"><figure class=\"swiper-slide-inner\"><img decoding=\"async\" class=\"swiper-slide-image\" src=\"https:\/\/pousadarioxingu.com\/wp-content\/uploads\/elementor\/thumbs\/AAA7839-scaled-r9ys32nc0zu9yr1pbcfxulca8pou8ffocmjhc8uy0o.jpg\" alt=\"_AAA7839\" \/><\/figure><\/a><\/div><div class=\"swiper-slide\" role=\"group\" aria-roledescription=\"slide\" aria-label=\"2 de 7\"><a data-elementor-open-lightbox=\"yes\" data-elementor-lightbox-slideshow=\"67e097c\" data-e-action-hash=\"#elementor-action%3Aaction%3Dlightbox%26settings%3DeyJpZCI6ODk1LCJ1cmwiOiJodHRwczpcL1wvcG91c2FkYXJpb3hpbmd1LmNvbVwvd3AtY29udGVudFwvdXBsb2Fkc1wvMjAyNVwvMDhcL0FBQTc5MTktc2NhbGVkLmpwZyIsInNsaWRlc2hvdyI6IjY3ZTA5N2MifQ%3D%3D\" href=\"https:\/\/pousadarioxingu.com\/wp-content\/uploads\/2025\/08\/AAA7919-scaled.jpg\"><figure class=\"swiper-slide-inner\"><img decoding=\"async\" class=\"swiper-slide-image\" src=\"https:\/\/pousadarioxingu.com\/wp-content\/uploads\/elementor\/thumbs\/AAA7919-scaled-r9ys3r34yorqcm27cn08nf69oqcdsk4p3zi3tfupiw.jpg\" alt=\"_AAA7919\" \/><\/figure><\/a><\/div><div class=\"swiper-slide\" role=\"group\" aria-roledescription=\"slide\" aria-label=\"3 de 7\"><a data-elementor-open-lightbox=\"yes\" data-elementor-lightbox-slideshow=\"67e097c\" data-e-action-hash=\"#elementor-action%3Aaction%3Dlightbox%26settings%3DeyJpZCI6Mjk3OCwidXJsIjoiaHR0cHM6XC9cL3BvdXNhZGFyaW94aW5ndS5jb21cL3dwLWNvbnRlbnRcL3VwbG9hZHNcLzIwMjVcLzA5XC9XaGF0c0FwcC1JbWFnZS0yMDI1LTA5LTExLWF0LTIyLjMzLjQwLTMuanBlZyIsInNsaWRlc2hvdyI6IjY3ZTA5N2MifQ%3D%3D\" href=\"https:\/\/pousadarioxingu.com\/wp-content\/uploads\/2025\/09\/WhatsApp-Image-2025-09-11-at-22.33.40-3.jpeg\"><figure class=\"swiper-slide-inner\"><img decoding=\"async\" class=\"swiper-slide-image\" src=\"https:\/\/pousadarioxingu.com\/wp-content\/uploads\/elementor\/thumbs\/WhatsApp-Image-2025-09-11-at-22.33.40-3-rbmjo0cui0jpo0ix7j64vlrpzab5hs3qcv6nfyorlk.jpeg\" alt=\"WhatsApp Image 2025-09-11 at 22.33.40 (3)\" \/><\/figure><\/a><\/div><div class=\"swiper-slide\" role=\"group\" aria-roledescription=\"slide\" aria-label=\"4 de 7\"><a data-elementor-open-lightbox=\"yes\" data-elementor-lightbox-slideshow=\"67e097c\" data-e-action-hash=\"#elementor-action%3Aaction%3Dlightbox%26settings%3DeyJpZCI6Mjk3OSwidXJsIjoiaHR0cHM6XC9cL3BvdXNhZGFyaW94aW5ndS5jb21cL3dwLWNvbnRlbnRcL3VwbG9hZHNcLzIwMjVcLzA5XC9XaGF0c0FwcC1JbWFnZS0yMDI1LTA5LTExLWF0LTIyLjMzLjQwLTIuanBlZyIsInNsaWRlc2hvdyI6IjY3ZTA5N2MifQ%3D%3D\" href=\"https:\/\/pousadarioxingu.com\/wp-content\/uploads\/2025\/09\/WhatsApp-Image-2025-09-11-at-22.33.40-2.jpeg\"><figure class=\"swiper-slide-inner\"><img decoding=\"async\" class=\"swiper-slide-image\" src=\"https:\/\/pousadarioxingu.com\/wp-content\/uploads\/elementor\/thumbs\/WhatsApp-Image-2025-09-11-at-22.33.40-2-rbmjo4479couygdglksn5ktkctsmckinpdsld2j6wo.jpeg\" alt=\"WhatsApp Image 2025-09-11 at 22.33.40 (2)\" \/><\/figure><\/a><\/div><div class=\"swiper-slide\" role=\"group\" aria-roledescription=\"slide\" aria-label=\"5 de 7\"><a data-elementor-open-lightbox=\"yes\" data-elementor-lightbox-slideshow=\"67e097c\" data-e-action-hash=\"#elementor-action%3Aaction%3Dlightbox%26settings%3DeyJpZCI6Mjk4MCwidXJsIjoiaHR0cHM6XC9cL3BvdXNhZGFyaW94aW5ndS5jb21cL3dwLWNvbnRlbnRcL3VwbG9hZHNcLzIwMjVcLzA5XC9XaGF0c0FwcC1JbWFnZS0yMDI1LTA5LTExLWF0LTIyLjMzLjQwLTEuanBlZyIsInNsaWRlc2hvdyI6IjY3ZTA5N2MifQ%3D%3D\" href=\"https:\/\/pousadarioxingu.com\/wp-content\/uploads\/2025\/09\/WhatsApp-Image-2025-09-11-at-22.33.40-1.jpeg\"><figure class=\"swiper-slide-inner\"><img decoding=\"async\" class=\"swiper-slide-image\" src=\"https:\/\/pousadarioxingu.com\/wp-content\/uploads\/elementor\/thumbs\/WhatsApp-Image-2025-09-11-at-22.33.40-1-rbmjo5zvn0rfloaqallwakchjljcryq4dn3kbmgek8.jpeg\" alt=\"WhatsApp Image 2025-09-11 at 22.33.40 (1)\" \/><\/figure><\/a><\/div><div class=\"swiper-slide\" role=\"group\" aria-roledescription=\"slide\" aria-label=\"6 de 7\"><a data-elementor-open-lightbox=\"yes\" data-elementor-lightbox-slideshow=\"67e097c\" data-e-action-hash=\"#elementor-action%3Aaction%3Dlightbox%26settings%3DeyJpZCI6ODk0LCJ1cmwiOiJodHRwczpcL1wvcG91c2FkYXJpb3hpbmd1LmNvbVwvd3AtY29udGVudFwvdXBsb2Fkc1wvMjAyNVwvMDhcL0FBQTc5MDQtc2NhbGVkLmpwZyIsInNsaWRlc2hvdyI6IjY3ZTA5N2MifQ%3D%3D\" href=\"https:\/\/pousadarioxingu.com\/wp-content\/uploads\/2025\/08\/AAA7904-scaled.jpg\"><figure class=\"swiper-slide-inner\"><img decoding=\"async\" class=\"swiper-slide-image\" src=\"https:\/\/pousadarioxingu.com\/wp-content\/uploads\/elementor\/thumbs\/AAA7904-scaled-r9ys3dxeb09pu2lbhhbgoihtdc58ssoge6db3ke7y0.jpg\" alt=\"_AAA7904\" \/><\/figure><\/a><\/div><div class=\"swiper-slide\" role=\"group\" aria-roledescription=\"slide\" aria-label=\"7 de 7\"><a data-elementor-open-lightbox=\"yes\" data-elementor-lightbox-slideshow=\"67e097c\" data-e-action-hash=\"#elementor-action%3Aaction%3Dlightbox%26settings%3DeyJpZCI6Mjk4MSwidXJsIjoiaHR0cHM6XC9cL3BvdXNhZGFyaW94aW5ndS5jb21cL3dwLWNvbnRlbnRcL3VwbG9hZHNcLzIwMjVcLzA5XC9XaGF0c0FwcC1JbWFnZS0yMDI1LTA5LTExLWF0LTIyLjMzLjQwLmpwZWciLCJzbGlkZXNob3ciOiI2N2UwOTdjIn0%3D\" href=\"https:\/\/pousadarioxingu.com\/wp-content\/uploads\/2025\/09\/WhatsApp-Image-2025-09-11-at-22.33.40.jpeg\"><figure class=\"swiper-slide-inner\"><img decoding=\"async\" class=\"swiper-slide-image\" src=\"https:\/\/pousadarioxingu.com\/wp-content\/uploads\/elementor\/thumbs\/WhatsApp-Image-2025-09-11-at-22.33.40-rbmjo7vk0ou08w7zzmf5fjveqda37cxl1weja6dm7s.jpeg\" alt=\"WhatsApp Image 2025-09-11 at 22.33.40\" \/><\/figure><\/a><\/div>\t\t\t<\/div>\n\t\t\t\t\t\t\t\t\t\t\t\t<div class=\"elementor-swiper-button elementor-swiper-button-prev\" role=\"button\" tabindex=\"0\">\n\t\t\t\t\t\t<svg aria-hidden=\"true\" class=\"e-font-icon-svg e-eicon-chevron-left\" viewbox=\"0 0 1000 1000\" xmlns=\"http:\/\/www.w3.org\/2000\/svg\"><path d=\"M646 125C629 125 613 133 604 142L308 442C296 454 292 471 292 487 292 504 296 521 308 533L604 854C617 867 629 875 646 875 663 875 679 871 692 858 704 846 713 829 713 812 713 796 708 779 692 767L438 487 692 225C700 217 708 204 708 187 708 171 704 154 692 142 675 129 663 125 646 125Z\"><\/path><\/svg>\t\t\t\t\t<\/div>\n\t\t\t\t\t<div class=\"elementor-swiper-button elementor-swiper-button-next\" role=\"button\" tabindex=\"0\">\n\t\t\t\t\t\t<svg aria-hidden=\"true\" class=\"e-font-icon-svg e-eicon-chevron-right\" viewbox=\"0 0 1000 1000\" xmlns=\"http:\/\/www.w3.org\/2000\/svg\"><path d=\"M696 533C708 521 713 504 713 487 713 471 708 454 696 446L400 146C388 133 375 125 354 125 338 125 325 129 313 142 300 154 292 171 292 187 292 204 296 221 308 233L563 492 304 771C292 783 288 800 288 817 288 833 296 850 308 863 321 871 338 875 354 875 371 875 388 867 400 854L696 533Z\"><\/path><\/svg>\t\t\t\t\t<\/div>\n\t\t\t\t\n\t\t\t\t\t\t\t\t\t<\/div>\n\t\t\t\t\t\t<\/div>\n\t\t\t\t<\/div>\n\t\t\t\t\t<\/div>\n\t\t\t\t<\/div>\n\t\t\t\t<\/div>","protected":false},"excerpt":{"rendered":"<p>Gastronomia &amp; Conviv\u00eancia O sal\u00e3o principal da Pousada Rio Xingu re\u00fane em um s\u00f3 espa\u00e7o a sala de refei\u00e7\u00f5es, sala de jogos e sala de TV , um ambiente acolhedor que combina conforto com uma vista deslumbrante da Amaz\u00f4nia, revelada atrav\u00e9s de suas amplas portas.Nossas refei\u00e7\u00f5es s\u00e3o verdadeiras experi\u00eancias gastron\u00f4micas, reconhecidas como uma das melhores [&hellip;]<\/p>","protected":false},"author":3,"featured_media":0,"parent":0,"menu_order":0,"comment_status":"closed","ping_status":"closed","template":"elementor_header_footer","meta":{"footnotes":""},"class_list":["post-1549","page","type-page","status-publish","hentry"],"_hostinger_reach_plugin_has_subscription_block":false,"_hostinger_reach_plugin_is_elementor":false,"_links":{"self":[{"href":"https:\/\/pousadarioxingu.com\/en\/wp-json\/wp\/v2\/pages\/1549","targetHints":{"allow":["GET"]}}],"collection":[{"href":"https:\/\/pousadarioxingu.com\/en\/wp-json\/wp\/v2\/pages"}],"about":[{"href":"https:\/\/pousadarioxingu.com\/en\/wp-json\/wp\/v2\/types\/page"}],"author":[{"embeddable":true,"href":"https:\/\/pousadarioxingu.com\/en\/wp-json\/wp\/v2\/users\/3"}],"replies":[{"embeddable":true,"href":"https:\/\/pousadarioxingu.com\/en\/wp-json\/wp\/v2\/comments?post=1549"}],"version-history":[{"count":28,"href":"https:\/\/pousadarioxingu.com\/en\/wp-json\/wp\/v2\/pages\/1549\/revisions"}],"predecessor-version":[{"id":2987,"href":"https:\/\/pousadarioxingu.com\/en\/wp-json\/wp\/v2\/pages\/1549\/revisions\/2987"}],"wp:attachment":[{"href":"https:\/\/pousadarioxingu.com\/en\/wp-json\/wp\/v2\/media?parent=1549"}],"curies":[{"name":"wp","href":"https:\/\/api.w.org\/{rel}","templated":true}]}}