{"id":1173,"date":"2025-08-11T10:00:41","date_gmt":"2025-08-11T13:00:41","guid":{"rendered":"https:\/\/infocel.tech\/?page_id=1173"},"modified":"2025-09-11T21:58:07","modified_gmt":"2025-09-12T00:58:07","slug":"infraestrutura","status":"publish","type":"page","link":"https:\/\/pousadarioxingu.com\/en\/infraestrutura\/","title":{"rendered":"INFRASTRUCTURE"},"content":{"rendered":"<div data-elementor-type=\"wp-page\" data-elementor-id=\"1173\" class=\"elementor elementor-1173\" data-elementor-post-type=\"page\">\n\t\t\t\t<div class=\"elementor-element elementor-element-d215542 e-flex e-con-boxed e-con e-parent\" data-id=\"d215542\" data-element_type=\"container\">\n\t\t\t\t\t<div class=\"e-con-inner\">\n\t\t\t\t<div class=\"elementor-element elementor-element-3eb26e8 elementor-widget elementor-widget-heading\" data-id=\"3eb26e8\" data-element_type=\"widget\" data-widget_type=\"heading.default\">\n\t\t\t\t<div class=\"elementor-widget-container\">\n\t\t\t\t\t<h2 class=\"elementor-heading-title elementor-size-default\">Infrastructure<\/h2>\t\t\t\t<\/div>\n\t\t\t\t<\/div>\n\t\t\t\t\t<\/div>\n\t\t\t\t<\/div>\n\t\t<div class=\"elementor-element elementor-element-4e17eb2 e-flex e-con-boxed e-con e-parent\" data-id=\"4e17eb2\" data-element_type=\"container\">\n\t\t\t\t\t<div class=\"e-con-inner\">\n\t\t\t\t<div class=\"elementor-element elementor-element-6ffc5ba elementor-widget elementor-widget-text-editor\" data-id=\"6ffc5ba\" data-element_type=\"widget\" data-widget_type=\"text-editor.default\">\n\t\t\t\t<div class=\"elementor-widget-container\">\n\t\t\t\t\t\t\t\t\t<p data-start=\"65\" data-end=\"378\">Lodge Rio Xingu is a true riverside retreat with unique and imposing architecture. Surrounded by spacious verandas and boasting an impressive 10-meter ceiling height, it offers spacious, airy spaces in complete harmony with nature.<\/p><p data-start=\"380\" data-end=\"749\">From any vantage point, the view is spectacular: the stunning Xingu River, with its sinuous curves, verdant islands, and unmistakable rock formations, reveals a landscape that can only be admired in this special stretch of the Amazon. Here, every detail has been designed to ensure you experience moments of comfort, contemplation, and connection with the singular beauty of this natural paradise.<\/p>\t\t\t\t\t\t\t\t<\/div>\n\t\t\t\t<\/div>\n\t\t\t\t\t<\/div>\n\t\t\t\t<\/div>\n\t\t<div class=\"elementor-element elementor-element-6435933 e-flex e-con-boxed e-con e-parent\" data-id=\"6435933\" data-element_type=\"container\">\n\t\t\t\t\t<div class=\"e-con-inner\">\n\t\t\t\t<div class=\"elementor-element elementor-element-756ad47 elementor-widget-laptop__width-initial elementor-arrows-position-inside elementor-widget elementor-widget-image-carousel\" data-id=\"756ad47\" data-element_type=\"widget\" data-settings=\"{&quot;navigation&quot;:&quot;arrows&quot;,&quot;image_spacing_custom&quot;:{&quot;unit&quot;:&quot;px&quot;,&quot;size&quot;:4,&quot;sizes&quot;:[]},&quot;slides_to_show&quot;:&quot;2&quot;,&quot;autoplay&quot;:&quot;yes&quot;,&quot;pause_on_hover&quot;:&quot;yes&quot;,&quot;pause_on_interaction&quot;:&quot;yes&quot;,&quot;autoplay_speed&quot;:5000,&quot;infinite&quot;:&quot;yes&quot;,&quot;speed&quot;:500,&quot;image_spacing_custom_widescreen&quot;:{&quot;unit&quot;:&quot;px&quot;,&quot;size&quot;:&quot;&quot;,&quot;sizes&quot;:[]},&quot;image_spacing_custom_laptop&quot;:{&quot;unit&quot;:&quot;px&quot;,&quot;size&quot;:&quot;&quot;,&quot;sizes&quot;:[]},&quot;image_spacing_custom_tablet&quot;:{&quot;unit&quot;:&quot;px&quot;,&quot;size&quot;:&quot;&quot;,&quot;sizes&quot;:[]},&quot;image_spacing_custom_mobile&quot;:{&quot;unit&quot;:&quot;px&quot;,&quot;size&quot;:&quot;&quot;,&quot;sizes&quot;:[]}}\" data-widget_type=\"image-carousel.default\">\n\t\t\t\t<div class=\"elementor-widget-container\">\n\t\t\t\t\t\t\t<div class=\"elementor-image-carousel-wrapper swiper\" role=\"region\" aria-roledescription=\"carousel\" aria-label=\"Carrossel de imagens\" dir=\"ltr\">\n\t\t\t<div class=\"elementor-image-carousel swiper-wrapper swiper-image-stretch\" aria-live=\"off\">\n\t\t\t\t\t\t\t\t<div class=\"swiper-slide\" role=\"group\" aria-roledescription=\"slide\" aria-label=\"1 de 2\" data-no-translation-aria-label=\"\"><a data-elementor-open-lightbox=\"yes\" data-elementor-lightbox-slideshow=\"756ad47\" data-e-action-hash=\"#elementor-action%3Aaction%3Dlightbox%26settings%3DeyJpZCI6ODk3LCJ1cmwiOiJodHRwczpcL1wvcG91c2FkYXJpb3hpbmd1LmNvbVwvd3AtY29udGVudFwvdXBsb2Fkc1wvMjAyNVwvMDhcL0FBQTc4NzItc2NhbGVkLmpwZyIsInNsaWRlc2hvdyI6Ijc1NmFkNDcifQ%3D%3D\" href=\"https:\/\/pousadarioxingu.com\/wp-content\/uploads\/2025\/08\/AAA7872-scaled.jpg\"><figure class=\"swiper-slide-inner\"><img decoding=\"async\" class=\"swiper-slide-image\" src=\"https:\/\/pousadarioxingu.com\/wp-content\/uploads\/elementor\/thumbs\/AAA7872-scaled-r9ys4sook27790jl939bf5opg572cg9yl5lj0iaym0.jpg\" alt=\"_AAA7872\" \/><\/figure><\/a><\/div><div class=\"swiper-slide\" role=\"group\" aria-roledescription=\"slide\" aria-label=\"2 de 2\" data-no-translation-aria-label=\"\"><a data-elementor-open-lightbox=\"yes\" data-elementor-lightbox-slideshow=\"756ad47\" data-e-action-hash=\"#elementor-action%3Aaction%3Dlightbox%26settings%3DeyJpZCI6ODg3LCJ1cmwiOiJodHRwczpcL1wvcG91c2FkYXJpb3hpbmd1LmNvbVwvd3AtY29udGVudFwvdXBsb2Fkc1wvMjAyNVwvMDhcL0FBQTc4NzEtc2NhbGVkLWUxNzU1NjIyMjE1ODI0LmpwZyIsInNsaWRlc2hvdyI6Ijc1NmFkNDcifQ%3D%3D\" href=\"https:\/\/pousadarioxingu.com\/wp-content\/uploads\/2025\/08\/AAA7871-scaled-e1755622215824.jpg\"><figure class=\"swiper-slide-inner\"><img decoding=\"async\" class=\"swiper-slide-image\" src=\"https:\/\/pousadarioxingu.com\/wp-content\/uploads\/elementor\/thumbs\/AAA7871-scaled-e1755622215824-rahvjbbp02bf66ugywq0vgko6crd2k8ix1nzmye94o.jpg\" alt=\"_AAA7871\" \/><\/figure><\/a><\/div>\t\t\t<\/div>\n\t\t\t\t\t\t\t\t\t\t\t\t<div class=\"elementor-swiper-button elementor-swiper-button-prev\" role=\"button\" tabindex=\"0\">\n\t\t\t\t\t\t<svg aria-hidden=\"true\" class=\"e-font-icon-svg e-eicon-chevron-left\" viewbox=\"0 0 1000 1000\" xmlns=\"http:\/\/www.w3.org\/2000\/svg\"><path d=\"M646 125C629 125 613 133 604 142L308 442C296 454 292 471 292 487 292 504 296 521 308 533L604 854C617 867 629 875 646 875 663 875 679 871 692 858 704 846 713 829 713 812 713 796 708 779 692 767L438 487 692 225C700 217 708 204 708 187 708 171 704 154 692 142 675 129 663 125 646 125Z\"><\/path><\/svg>\t\t\t\t\t<\/div>\n\t\t\t\t\t<div class=\"elementor-swiper-button elementor-swiper-button-next\" role=\"button\" tabindex=\"0\">\n\t\t\t\t\t\t<svg aria-hidden=\"true\" class=\"e-font-icon-svg e-eicon-chevron-right\" viewbox=\"0 0 1000 1000\" xmlns=\"http:\/\/www.w3.org\/2000\/svg\"><path d=\"M696 533C708 521 713 504 713 487 713 471 708 454 696 446L400 146C388 133 375 125 354 125 338 125 325 129 313 142 300 154 292 171 292 187 292 204 296 221 308 233L563 492 304 771C292 783 288 800 288 817 288 833 296 850 308 863 321 871 338 875 354 875 371 875 388 867 400 854L696 533Z\"><\/path><\/svg>\t\t\t\t\t<\/div>\n\t\t\t\t\n\t\t\t\t\t\t\t\t\t<\/div>\n\t\t\t\t\t\t<\/div>\n\t\t\t\t<\/div>\n\t\t\t\t\t<\/div>\n\t\t\t\t<\/div>\n\t\t\t\t<\/div>","protected":false},"excerpt":{"rendered":"<p>Infraestrutura A Pousada Rio Xingu \u00e9 um verdadeiro ref\u00fagio \u00e0 beira do rio, com uma arquitetura \u00fanica e imponente. Rodeada por amplas varandas e com um p\u00e9-direito que chega a impressionantes 10 metros de altura, oferece ambientes espa\u00e7osos, arejados e em total harmonia com a natureza. De qualquer ponto, a vista \u00e9 um espet\u00e1culo: o [&hellip;]<\/p>","protected":false},"author":3,"featured_media":0,"parent":0,"menu_order":0,"comment_status":"closed","ping_status":"closed","template":"elementor_header_footer","meta":{"footnotes":""},"class_list":["post-1173","page","type-page","status-publish","hentry"],"_hostinger_reach_plugin_has_subscription_block":false,"_hostinger_reach_plugin_is_elementor":false,"_links":{"self":[{"href":"https:\/\/pousadarioxingu.com\/en\/wp-json\/wp\/v2\/pages\/1173","targetHints":{"allow":["GET"]}}],"collection":[{"href":"https:\/\/pousadarioxingu.com\/en\/wp-json\/wp\/v2\/pages"}],"about":[{"href":"https:\/\/pousadarioxingu.com\/en\/wp-json\/wp\/v2\/types\/page"}],"author":[{"embeddable":true,"href":"https:\/\/pousadarioxingu.com\/en\/wp-json\/wp\/v2\/users\/3"}],"replies":[{"embeddable":true,"href":"https:\/\/pousadarioxingu.com\/en\/wp-json\/wp\/v2\/comments?post=1173"}],"version-history":[{"count":109,"href":"https:\/\/pousadarioxingu.com\/en\/wp-json\/wp\/v2\/pages\/1173\/revisions"}],"predecessor-version":[{"id":2971,"href":"https:\/\/pousadarioxingu.com\/en\/wp-json\/wp\/v2\/pages\/1173\/revisions\/2971"}],"wp:attachment":[{"href":"https:\/\/pousadarioxingu.com\/en\/wp-json\/wp\/v2\/media?parent=1173"}],"curies":[{"name":"wp","href":"https:\/\/api.w.org\/{rel}","templated":true}]}}